{"id":631,"date":"2018-03-11T19:49:21","date_gmt":"2018-03-11T18:49:21","guid":{"rendered":"https:\/\/werteinitiative.de\/?page_id=631"},"modified":"2020-03-10T14:28:23","modified_gmt":"2020-03-10T13:28:23","slug":"membership","status":"publish","type":"page","link":"https:\/\/werteinitiative.de\/en\/membership\/","title":{"rendered":"Membership"},"content":{"rendered":"<p>[vc_row][vc_column]<div class=\"inf_blogslider inf_oneslide\"><div class=\"inf_blog\">\r\n              <div class=\"img\">\r\n                <div class=\"img_pos\" style=\"background-image:url('https:\/\/werteinitiative.de\/wp-content\/uploads\/2019\/12\/Fotos-Ananda-Rieber-Werteinitiative-9411.jpg');\"><\/div>\r\n          <div class=\"copy\">Photography by Ananda Rieber \/ <a href=\"https:\/\/www.ananda-rieber.de\/\" target=\"_blank\">www.Ananda-Rieber.de<\/a><\/div>\r\n                <div class=\"text\">\r\n           \r\n                <\/div>\r\n              <\/div>\r\n            <\/div>\r\n          \r\n        <\/div>\r\n        <script type=\"text\/javascript\">\r\n          jQuery(document).ready(function(){\r\n            jQuery(\"div.inf_blogslider\").slick({\r\n              dots: false,\r\n              prevArrow: '<div class=\"slick-prev slick-arrow\"><\/div>',\r\n              nextArrow: '<div class=\"slick-next slick-arrow\"><\/div>',\r\n              infinite: true,\r\n              slidesToShow: 1,\r\n              autoplay: true,\r\n              autoplaySpeed: 4000,\r\n              adaptiveHeight: true\r\n            });\r\n          });\r\n        <\/script>\r\n        <div class=\"inf_clearfix\"><\/div>\r\n      [\/vc_column][\/vc_row][vc_row][vc_column][vc_column_text]<\/p>\n<div class=\"vc_row wpb_row vc_row-fluid\">\n<div class=\"wpb_column vc_column_container vc_col-sm-12\">\n<div class=\"vc_column-inner \">\n<div class=\"wpb_wrapper\">\n<div class=\"wpb_text_column wpb_content_element \">\n<div class=\"wpb_wrapper\">\n<p>Bringen Sie sich ein beim WerteInitiative e.V. \u2013 werden Sie Unterst\u00fctzungsmitglied!<\/p>\n<p>Der\u00a0<strong>Zweck des Vereins<\/strong>\u00a0ist es, durch eine zivilgesellschaftliche j\u00fcdische Stimme die Werte der freiheitlich-demokratischen Grundordnung zu st\u00e4rken und sich f\u00fcr die Sicherstellung j\u00fcdischer Belange innerhalb der Mehrheitsgesellschaft einzusetzen.<\/p>\n<p>Dies dient dem Allgemeinwohl Deutschlands und Europas. Der Verein f\u00f6rdert den wertebasierten politischen, gesellschaftlichen und medialen Diskurs, das b\u00fcrgerschaftliche j\u00fcdische Engagement in Deutschland, das deutsch-israelische Verh\u00e4ltnis sowie\u00a0den interreligi\u00f6sen Dialog.<\/p>\n<p><strong>Antrag auf Unterst\u00fctzungsmitgliedschaft:<br \/>\n<\/strong><\/p>\n<p>Der Mitgliedsbeitrag hierf\u00fcr betr\u00e4gt mindestens 19 EUR pro Jahr. Da wir gemeinn\u00fctzig sind k\u00f6nnen Sie den Mitgliedsbeitrag einfach durch Vorlage Ihres Kontoauszugs beim Finanzamt steuerlich geltend machen k\u00f6nnen.<\/p>\n<p>Sie k\u00f6nnen sich mit nachfolgenden Formularen oder darunter bequem online anmelden.\u00a0Ihre Daten werden bei uns gesichert \u00fcbertragen, wir benutzen die SSL-Verschl\u00fcsselung.<\/p>\n<p><a title=\"Download Satzung\" href=\"https:\/\/werteinitiative.de\/wp-content\/uploads\/2018\/05\/WerteInitiative-Satzung-Vers-3.1.pdf\" target=\"_blank\" rel=\"noopener noreferrer\">Download Satzung<\/a><\/p>\n<p><a href=\"https:\/\/werteinitiative.de\/wp-content\/uploads\/2020\/01\/Mitgliedsantrag-fu\u0308r-die-Unterstu\u0308tzungsmitgliedschaft-im-WerteInitiative-e.V.-Version-5.pdf\" target=\"_blank\" rel=\"noopener noreferrer\">Download Aufnahmeantrag<\/a><\/p>\n<p><a title=\"Download SEPA-Formular\" href=\"https:\/\/werteinitiative.de\/wp-content\/uploads\/2019\/11\/Einzugserma\u0308chtigung-Vers-3.1.pdf\" target=\"_blank\" rel=\"noopener noreferrer\">Download SEPA-Formular<\/a><\/p>\n<\/div>\n<\/div>\n<\/div>\n<\/div>\n<\/div>\n<\/div>\n<p>[\/vc_column_text][vc_separator][vc_column_text]<\/p>\n<h2>Online-Anmeldeformular<\/h2>\n<p>[\/vc_column_text]\n<div class=\"wpcf7 no-js\" id=\"wpcf7-f562-o1\" lang=\"de-DE\" dir=\"ltr\" data-wpcf7-id=\"562\">\n<div class=\"screen-reader-response\"><p role=\"status\" aria-live=\"polite\" aria-atomic=\"true\"><\/p> <ul><\/ul><\/div>\n<form action=\"\/en\/wp-json\/wp\/v2\/pages\/631#wpcf7-f562-o1\" method=\"post\" class=\"wpcf7-form init\" aria-label=\"Kontaktformular\" novalidate=\"novalidate\" data-status=\"init\">\n<fieldset class=\"hidden-fields-container\"><input type=\"hidden\" name=\"_wpcf7\" value=\"562\" \/><input type=\"hidden\" name=\"_wpcf7_version\" value=\"6.1.5\" \/><input type=\"hidden\" name=\"_wpcf7_locale\" value=\"de_DE\" \/><input type=\"hidden\" name=\"_wpcf7_unit_tag\" value=\"wpcf7-f562-o1\" \/><input type=\"hidden\" name=\"_wpcf7_container_post\" value=\"0\" \/><input type=\"hidden\" name=\"_wpcf7_posted_data_hash\" value=\"\" \/><input type=\"hidden\" name=\"_wpcf7cf_hidden_group_fields\" value=\"[]\" \/><input type=\"hidden\" name=\"_wpcf7cf_hidden_groups\" value=\"[]\" \/><input type=\"hidden\" name=\"_wpcf7cf_visible_groups\" value=\"[]\" \/><input type=\"hidden\" name=\"_wpcf7cf_repeaters\" value=\"[]\" \/><input type=\"hidden\" name=\"_wpcf7cf_steps\" value=\"{}\" \/><input type=\"hidden\" name=\"_wpcf7cf_options\" value=\"{&quot;form_id&quot;:562,&quot;conditions&quot;:[{&quot;then_field&quot;:&quot;group-bank&quot;,&quot;and_rules&quot;:[{&quot;if_field&quot;:&quot;zahlart&quot;,&quot;operator&quot;:&quot;equals&quot;,&quot;if_value&quot;:&quot;Bankeinzug&quot;}]}],&quot;settings&quot;:{&quot;animation&quot;:&quot;yes&quot;,&quot;animation_intime&quot;:200,&quot;animation_outtime&quot;:200,&quot;conditions_ui&quot;:&quot;normal&quot;,&quot;notice_dismissed&quot;:false,&quot;notice_dismissed_rollback-cf7-5.4.1&quot;:true,&quot;notice_dismissed_rollback-cf7-5.4.2&quot;:true,&quot;notice_dismissed_update-cf7-5.6.3&quot;:true,&quot;notice_dismissed_rollback-cf7-5.6.4&quot;:true,&quot;notice_dismissed_update-cf7-5.8&quot;:true,&quot;notice_dismissed_rollback-cf7-5.8&quot;:true,&quot;notice_dismissed_rollback-cf7-5.8.1&quot;:true,&quot;notice_dismissed_rollback-cf7-5.8.3&quot;:true,&quot;notice_dismissed_rollback-cf7-5.9.2&quot;:true}}\" \/><input type=\"hidden\" name=\"_wpcf7_recaptcha_response\" value=\"\" \/>\n<\/fieldset>\n<p><label>Ich best\u00e4tige, *<\/label><span class=\"wpcf7-form-control-wrap\" data-name=\"agb_a\"><span class=\"wpcf7-form-control wpcf7-checkbox wpcf7-validates-as-required\"><span class=\"wpcf7-list-item first last\"><label><input type=\"checkbox\" name=\"agb_a[]\" value=\"Jude\/J\u00fcdin zu sein oder einen j\u00fcdischen Elternteil (gehabt) zu haben oder eine(n) j\u00fcdische(n) Lebenspartner(in) \/ Ehepartner(in) \/ ehe\u00e4hnliche(n) Partner(in) zu haben\" \/><span class=\"wpcf7-list-item-label\">Jude\/J\u00fcdin zu sein oder einen j\u00fcdischen Elternteil (gehabt) zu haben oder eine(n) j\u00fcdische(n) Lebenspartner(in) \/ Ehepartner(in) \/ ehe\u00e4hnliche(n) Partner(in) zu haben<\/span><\/label><\/span><\/span><\/span><span class=\"wpcf7-form-control-wrap\" data-name=\"agb_b\"><span class=\"wpcf7-form-control wpcf7-checkbox wpcf7-validates-as-required\"><span class=\"wpcf7-list-item first last\"><label><input type=\"checkbox\" name=\"agb_b[]\" value=\"und meinen Lebensmittelpunkt in Deutschland zu haben\" \/><span class=\"wpcf7-list-item-label\">und meinen Lebensmittelpunkt in Deutschland zu haben<\/span><\/label><\/span><\/span><\/span><span class=\"wpcf7-form-control-wrap\" data-name=\"agb_c\"><span class=\"wpcf7-form-control wpcf7-checkbox wpcf7-validates-as-required\"><span class=\"wpcf7-list-item first last\"><label><input type=\"checkbox\" name=\"agb_c[]\" value=\"und den Vereinszweck unterst\u00fctzen zu wollen\" \/><span class=\"wpcf7-list-item-label\">und den Vereinszweck unterst\u00fctzen zu wollen<\/span><\/label><\/span><\/span><\/span>\n<\/p>\n<p style=\"margin-bottom:32px;font-size:13px;line-height:120%;color:#444;\">Danke, dass Sie unser Unterst\u00fctzungsmitglied werden wollen. Leider k\u00f6nnen wir laut Satzung nur solche aufnehmen, auf die alle 3 Kriterien zutreffen. Daf\u00fcr bitten wir um Ihr Verst\u00e4ndnis. Wenn Sie unsere Arbeit anderweitig unterst\u00fctzen wollen, senden Sie uns bitte eine E-Mail.\n<\/p>\n<p><label>Titel <span class=\"wpcf7-form-control-wrap\" data-name=\"titel\"><input size=\"40\" maxlength=\"400\" class=\"wpcf7-form-control wpcf7-text\" aria-invalid=\"false\" value=\"\" type=\"text\" name=\"titel\" \/><\/span><\/label><br \/>\n<label>Vorname * <span class=\"wpcf7-form-control-wrap\" data-name=\"vorname\"><input size=\"40\" maxlength=\"400\" class=\"wpcf7-form-control wpcf7-text wpcf7-validates-as-required\" aria-required=\"true\" aria-invalid=\"false\" value=\"\" type=\"text\" name=\"vorname\" \/><\/span><\/label><br \/>\n<label>Nachname * <span class=\"wpcf7-form-control-wrap\" data-name=\"nachname\"><input size=\"40\" maxlength=\"400\" class=\"wpcf7-form-control wpcf7-text wpcf7-validates-as-required\" aria-required=\"true\" aria-invalid=\"false\" value=\"\" type=\"text\" name=\"nachname\" \/><\/span><\/label><br \/>\n<label>Geburtsdatum * <span class=\"wpcf7-form-control-wrap\" data-name=\"geburt\"><input size=\"40\" maxlength=\"400\" class=\"wpcf7-form-control wpcf7-text wpcf7-validates-as-required mitglied_backup\" aria-required=\"true\" aria-invalid=\"false\" placeholder=\"01.02.1975\" value=\"\" type=\"text\" name=\"geburt\" \/><\/span><\/label><br \/>\n<label>Geschlecht *<\/label><span class=\"wpcf7-form-control-wrap\" data-name=\"geschlecht\"><span class=\"wpcf7-form-control wpcf7-radio\"><span class=\"wpcf7-list-item first\"><label><input type=\"radio\" name=\"geschlecht\" value=\"m\u00e4nnlich\" \/><span class=\"wpcf7-list-item-label\">m\u00e4nnlich<\/span><\/label><\/span><span class=\"wpcf7-list-item last\"><label><input type=\"radio\" name=\"geschlecht\" value=\"weiblich\" \/><span class=\"wpcf7-list-item-label\">weiblich<\/span><\/label><\/span><\/span><\/span><br \/>\n<label>E-Mail-Adresse * <span class=\"wpcf7-form-control-wrap\" data-name=\"email\"><input size=\"40\" maxlength=\"400\" class=\"wpcf7-form-control wpcf7-email wpcf7-validates-as-required wpcf7-text wpcf7-validates-as-email\" aria-required=\"true\" aria-invalid=\"false\" value=\"\" type=\"email\" name=\"email\" \/><\/span><\/label><br \/>\n<label>Stra\u00dfe & Hausnummer * <span class=\"wpcf7-form-control-wrap\" data-name=\"strasse\"><input size=\"40\" maxlength=\"400\" class=\"wpcf7-form-control wpcf7-text wpcf7-validates-as-required\" aria-required=\"true\" aria-invalid=\"false\" value=\"\" type=\"text\" name=\"strasse\" \/><\/span><\/label><br \/>\n<label>PLZ * <span class=\"wpcf7-form-control-wrap\" data-name=\"plz\"><input size=\"40\" maxlength=\"400\" class=\"wpcf7-form-control wpcf7-text wpcf7-validates-as-required\" aria-required=\"true\" aria-invalid=\"false\" value=\"\" type=\"text\" name=\"plz\" \/><\/span><\/label><br \/>\n<label>Ort * <span class=\"wpcf7-form-control-wrap\" data-name=\"ort\"><input size=\"40\" maxlength=\"400\" class=\"wpcf7-form-control wpcf7-text wpcf7-validates-as-required\" aria-required=\"true\" aria-invalid=\"false\" value=\"\" type=\"text\" name=\"ort\" \/><\/span><\/label><br \/>\n<label>Telefon <span class=\"wpcf7-form-control-wrap\" data-name=\"telefon\"><input size=\"40\" maxlength=\"400\" class=\"wpcf7-form-control wpcf7-text\" aria-invalid=\"false\" value=\"\" type=\"text\" name=\"telefon\" \/><\/span><\/label><br \/>\n<label>Welchen Jahresbeitrag sind Sie bereit zu zahlen?<br \/>\n19 EUR ist der Mindestbeitrag pro Jahr. * <span class=\"wpcf7-form-control-wrap\" data-name=\"beitrag\"><input class=\"wpcf7-form-control wpcf7-number wpcf7-validates-as-required wpcf7-validates-as-number\" min=\"19\" max=\"9999\" aria-required=\"true\" aria-invalid=\"false\" value=\"\" type=\"number\" name=\"beitrag\" \/><\/span><\/label><br \/>\n<label>Wie m\u00f6chten Sie den oben angegebenen Jahresbeitrag aufteilen?<br \/>\nMonatliche Zahlweise nur per Bankeinzug. *<\/label><span class=\"wpcf7-form-control-wrap\" data-name=\"zahlweise\"><span class=\"wpcf7-form-control wpcf7-radio\"><span class=\"wpcf7-list-item first\"><label><input type=\"radio\" name=\"zahlweise\" value=\"j\u00e4hrlich (zum 15.1.)\" checked=\"checked\" \/><span class=\"wpcf7-list-item-label\">j\u00e4hrlich (zum 15.1.)<\/span><\/label><\/span><span class=\"wpcf7-list-item\"><label><input type=\"radio\" name=\"zahlweise\" value=\"viertelj\u00e4hrlich (zum 15.1., 15.4., 15.7., 15.9.)\" \/><span class=\"wpcf7-list-item-label\">viertelj\u00e4hrlich (zum 15.1., 15.4., 15.7., 15.9.)<\/span><\/label><\/span><span class=\"wpcf7-list-item last\"><label><input type=\"radio\" name=\"zahlweise\" value=\"monatlich (zum 15.)\" \/><span class=\"wpcf7-list-item-label\">monatlich (zum 15.)<\/span><\/label><\/span><\/span><\/span><br \/>\n<label>M\u00f6chten Sie eine einmalige Spende leisten? <span class=\"wpcf7-form-control-wrap\" data-name=\"spende\"><input class=\"wpcf7-form-control wpcf7-number wpcf7-validates-as-number\" min=\"0\" max=\"9999\" aria-invalid=\"false\" value=\"\" type=\"number\" name=\"spende\" \/><\/span><\/label><br \/>\n<label>Zahlart *<\/label><span class=\"wpcf7-form-control-wrap\" data-name=\"zahlart\"><span class=\"wpcf7-form-control wpcf7-radio\"><span class=\"wpcf7-list-item first\"><label><input type=\"radio\" name=\"zahlart\" value=\"Bankeinzug\" \/><span class=\"wpcf7-list-item-label\">Bankeinzug<\/span><\/label><\/span><span class=\"wpcf7-list-item last\"><label><input type=\"radio\" name=\"zahlart\" value=\"\u00dcberweisung\" \/><span class=\"wpcf7-list-item-label\">\u00dcberweisung<\/span><\/label><\/span><\/span><\/span>\n<\/p>\n<div data-id=\"group-bank\" data-orig_data_id=\"group-bank\"  class=\"\" data-class=\"wpcf7cf_group\">\n\t<p>Teilen Sie uns bitte Ihre Bankdaten mit\n\t<\/p>\n\t<p><label>Kontoinhaber\/in * <span class=\"wpcf7-form-control-wrap\" data-name=\"kto_inhaber\"><input size=\"40\" maxlength=\"400\" class=\"wpcf7-form-control wpcf7-text wpcf7-validates-as-required\" aria-required=\"true\" aria-invalid=\"false\" value=\"\" type=\"text\" name=\"kto_inhaber\" \/><\/span><\/label><br \/>\n<label>IBAN * <span class=\"wpcf7-form-control-wrap\" data-name=\"kto_iban\"><input size=\"40\" maxlength=\"400\" class=\"wpcf7-form-control wpcf7-text wpcf7-validates-as-required\" aria-required=\"true\" aria-invalid=\"false\" value=\"\" type=\"text\" name=\"kto_iban\" \/><\/span><\/label><br \/>\n<label>BIC * <span class=\"wpcf7-form-control-wrap\" data-name=\"kto_bic\"><input size=\"40\" maxlength=\"400\" class=\"wpcf7-form-control wpcf7-text wpcf7-validates-as-required\" aria-required=\"true\" aria-invalid=\"false\" value=\"\" type=\"text\" name=\"kto_bic\" \/><\/span><\/label><br \/>\n<label>Name der Bank * <span class=\"wpcf7-form-control-wrap\" data-name=\"kto_bank\"><input size=\"40\" maxlength=\"400\" class=\"wpcf7-form-control wpcf7-text wpcf7-validates-as-required\" aria-required=\"true\" aria-invalid=\"false\" value=\"\" type=\"text\" name=\"kto_bank\" \/><\/span><\/label><br \/>\n\t<hr \/>\n\t<\/p>\n<\/div>\n<p><label>Bemerkungen <span class=\"wpcf7-form-control-wrap\" data-name=\"bemerkung\"><textarea cols=\"40\" rows=\"10\" maxlength=\"2000\" class=\"wpcf7-form-control wpcf7-textarea\" aria-invalid=\"false\" name=\"bemerkung\"><\/textarea><\/span><\/label>\n<\/p>\n<p><span class=\"wpcf7-form-control-wrap\" data-name=\"dsvgo\"><span class=\"wpcf7-form-control wpcf7-acceptance\"><span class=\"wpcf7-list-item\"><label><input type=\"checkbox\" name=\"dsvgo\" value=\"1\" aria-invalid=\"false\" \/><span class=\"wpcf7-list-item-label\">Ich habe die <a href=\"\/datenschutz\/\" target=\"_blank\">Datenschutzerkl\u00e4rung<\/a> zur Kenntnis genommen. Hiermit stimme ich zu, dass die von mir eingegebenen Daten zur Bearbeitung meines Anliegens verarbeitet und gespeichert werden d\u00fcrfen. Sie k\u00f6nnen Ihre Einwilligung jederzeit f\u00fcr die Zukunft widerrufen.<\/span><\/label><\/span><\/span><\/span>\n<\/p>\n\n<div style=\"padding-top:15px;\">\n\t<p><input class=\"wpcf7-form-control wpcf7-submit has-spinner\" type=\"submit\" value=\"Senden\" \/>\n\t<\/p>\n<\/div><div class=\"wpcf7-response-output\" aria-hidden=\"true\"><\/div>\n<\/form>\n<\/div>\n[\/vc_column][\/vc_row][vc_row][vc_column][\/vc_column][\/vc_row]<\/p>\n","protected":false},"excerpt":{"rendered":"<p>[vc_row][vc_column][\/vc_column][\/vc_row][vc_row][vc_column][vc_column_text] Bringen Sie sich ein beim WerteInitiative e.V. \u2013 werden Sie Unterst\u00fctzungsmitglied! Der\u00a0Zweck des Vereins\u00a0ist es, durch eine zivilgesellschaftliche j\u00fcdische Stimme die Werte der freiheitlich-demokratischen Grundordnung zu st\u00e4rken und sich&#8230;<\/p>\n","protected":false},"author":4,"featured_media":0,"parent":0,"menu_order":0,"comment_status":"closed","ping_status":"closed","template":"","meta":{"_acf_changed":false,"_bbp_topic_count":0,"_bbp_reply_count":0,"_bbp_total_topic_count":0,"_bbp_total_reply_count":0,"_bbp_voice_count":0,"_bbp_anonymous_reply_count":0,"_bbp_topic_count_hidden":0,"_bbp_reply_count_hidden":0,"_bbp_forum_subforum_count":0,"footnotes":""},"class_list":["post-631","page","type-page","status-publish","hentry"],"acf":[],"yoast_head":"<!-- This site is optimized with the Yoast SEO plugin v27.5 - https:\/\/yoast.com\/product\/yoast-seo-wordpress\/ -->\n<title>Membership &#8212; WerteInitiative. j\u00fcdisch-deutsche Positionen<\/title>\n<meta name=\"robots\" content=\"index, follow, max-snippet:-1, max-image-preview:large, max-video-preview:-1\" \/>\n<link rel=\"canonical\" href=\"https:\/\/werteinitiative.de\/en\/membership\/\" \/>\n<meta property=\"og:locale\" content=\"en_US\" \/>\n<meta property=\"og:type\" content=\"article\" \/>\n<meta property=\"og:title\" content=\"Membership &#8212; WerteInitiative. j\u00fcdisch-deutsche Positionen\" \/>\n<meta property=\"og:description\" content=\"[vc_row][vc_column][\/vc_column][\/vc_row][vc_row][vc_column][vc_column_text] Bringen Sie sich ein beim WerteInitiative e.V. \u2013 werden Sie Unterst\u00fctzungsmitglied! Der\u00a0Zweck des Vereins\u00a0ist es, durch eine zivilgesellschaftliche j\u00fcdische Stimme die Werte der freiheitlich-demokratischen Grundordnung zu st\u00e4rken und sich...\" \/>\n<meta property=\"og:url\" content=\"https:\/\/werteinitiative.de\/en\/membership\/\" \/>\n<meta property=\"og:site_name\" content=\"WerteInitiative. j\u00fcdisch-deutsche Positionen\" \/>\n<meta property=\"article:publisher\" content=\"https:\/\/www.facebook.com\/WerteInitiative\/\" \/>\n<meta property=\"article:modified_time\" content=\"2020-03-10T13:28:23+00:00\" \/>\n<meta property=\"og:image\" content=\"https:\/\/werteinitiative.de\/wp-content\/uploads\/2023\/10\/WI_logo_stern_farbe_479x261.png\" \/>\n\t<meta property=\"og:image:width\" content=\"479\" \/>\n\t<meta property=\"og:image:height\" content=\"261\" \/>\n\t<meta property=\"og:image:type\" content=\"image\/png\" \/>\n<meta name=\"twitter:card\" content=\"summary_large_image\" \/>\n<meta name=\"twitter:site\" content=\"@WerteInitiative\" \/>\n<meta name=\"twitter:label1\" content=\"Est. reading time\" \/>\n\t<meta name=\"twitter:data1\" content=\"1 minute\" \/>\n<script type=\"application\/ld+json\" class=\"yoast-schema-graph\">{\"@context\":\"https:\\\/\\\/schema.org\",\"@graph\":[{\"@type\":\"WebPage\",\"@id\":\"https:\\\/\\\/werteinitiative.de\\\/en\\\/membership\\\/\",\"url\":\"https:\\\/\\\/werteinitiative.de\\\/en\\\/membership\\\/\",\"name\":\"Membership &#8212; WerteInitiative. j\u00fcdisch-deutsche Positionen\",\"isPartOf\":{\"@id\":\"https:\\\/\\\/werteinitiative.de\\\/#website\"},\"datePublished\":\"2018-03-11T18:49:21+00:00\",\"dateModified\":\"2020-03-10T13:28:23+00:00\",\"breadcrumb\":{\"@id\":\"https:\\\/\\\/werteinitiative.de\\\/en\\\/membership\\\/#breadcrumb\"},\"inLanguage\":\"en-US\",\"potentialAction\":[{\"@type\":\"ReadAction\",\"target\":[\"https:\\\/\\\/werteinitiative.de\\\/en\\\/membership\\\/\"]}]},{\"@type\":\"BreadcrumbList\",\"@id\":\"https:\\\/\\\/werteinitiative.de\\\/en\\\/membership\\\/#breadcrumb\",\"itemListElement\":[{\"@type\":\"ListItem\",\"position\":1,\"name\":\"Startseite\",\"item\":\"https:\\\/\\\/werteinitiative.de\\\/en\\\/\"},{\"@type\":\"ListItem\",\"position\":2,\"name\":\"Membership\"}]},{\"@type\":\"WebSite\",\"@id\":\"https:\\\/\\\/werteinitiative.de\\\/#website\",\"url\":\"https:\\\/\\\/werteinitiative.de\\\/\",\"name\":\"WerteInitiative - j\u00fcdisch-deutsche Positionen\",\"description\":\"j\u00fcdisch-deutsche Positionen\",\"publisher\":{\"@id\":\"https:\\\/\\\/werteinitiative.de\\\/#organization\"},\"potentialAction\":[{\"@type\":\"SearchAction\",\"target\":{\"@type\":\"EntryPoint\",\"urlTemplate\":\"https:\\\/\\\/werteinitiative.de\\\/?s={search_term_string}\"},\"query-input\":{\"@type\":\"PropertyValueSpecification\",\"valueRequired\":true,\"valueName\":\"search_term_string\"}}],\"inLanguage\":\"en-US\"},{\"@type\":\"Organization\",\"@id\":\"https:\\\/\\\/werteinitiative.de\\\/#organization\",\"name\":\"WerteInitiative - j\u00fcdisch-deutsche Positionen e.V.\",\"url\":\"https:\\\/\\\/werteinitiative.de\\\/\",\"logo\":{\"@type\":\"ImageObject\",\"inLanguage\":\"en-US\",\"@id\":\"https:\\\/\\\/werteinitiative.de\\\/#\\\/schema\\\/logo\\\/image\\\/\",\"url\":\"https:\\\/\\\/werteinitiative.de\\\/wp-content\\\/uploads\\\/2018\\\/03\\\/werteinitiative-logo-1-2.png\",\"contentUrl\":\"https:\\\/\\\/werteinitiative.de\\\/wp-content\\\/uploads\\\/2018\\\/03\\\/werteinitiative-logo-1-2.png\",\"width\":1600,\"height\":328,\"caption\":\"WerteInitiative - j\u00fcdisch-deutsche Positionen e.V.\"},\"image\":{\"@id\":\"https:\\\/\\\/werteinitiative.de\\\/#\\\/schema\\\/logo\\\/image\\\/\"},\"sameAs\":[\"https:\\\/\\\/www.facebook.com\\\/WerteInitiative\\\/\",\"https:\\\/\\\/x.com\\\/WerteInitiative\",\"https:\\\/\\\/werteinitiative.de\",\"https:\\\/\\\/www.youtube.com\\\/channel\\\/UCYxMy0tanl-EMKY_OdudKaQ\"]}]}<\/script>\n<!-- \/ Yoast SEO plugin. -->","yoast_head_json":{"title":"Membership &#8212; WerteInitiative. j\u00fcdisch-deutsche Positionen","robots":{"index":"index","follow":"follow","max-snippet":"max-snippet:-1","max-image-preview":"max-image-preview:large","max-video-preview":"max-video-preview:-1"},"canonical":"https:\/\/werteinitiative.de\/en\/membership\/","og_locale":"en_US","og_type":"article","og_title":"Membership &#8212; WerteInitiative. j\u00fcdisch-deutsche Positionen","og_description":"[vc_row][vc_column][\/vc_column][\/vc_row][vc_row][vc_column][vc_column_text] Bringen Sie sich ein beim WerteInitiative e.V. \u2013 werden Sie Unterst\u00fctzungsmitglied! Der\u00a0Zweck des Vereins\u00a0ist es, durch eine zivilgesellschaftliche j\u00fcdische Stimme die Werte der freiheitlich-demokratischen Grundordnung zu st\u00e4rken und sich...","og_url":"https:\/\/werteinitiative.de\/en\/membership\/","og_site_name":"WerteInitiative. j\u00fcdisch-deutsche Positionen","article_publisher":"https:\/\/www.facebook.com\/WerteInitiative\/","article_modified_time":"2020-03-10T13:28:23+00:00","og_image":[{"width":479,"height":261,"url":"https:\/\/werteinitiative.de\/wp-content\/uploads\/2023\/10\/WI_logo_stern_farbe_479x261.png","type":"image\/png"}],"twitter_card":"summary_large_image","twitter_site":"@WerteInitiative","twitter_misc":{"Est. reading time":"1 minute"},"schema":{"@context":"https:\/\/schema.org","@graph":[{"@type":"WebPage","@id":"https:\/\/werteinitiative.de\/en\/membership\/","url":"https:\/\/werteinitiative.de\/en\/membership\/","name":"Membership &#8212; WerteInitiative. j\u00fcdisch-deutsche Positionen","isPartOf":{"@id":"https:\/\/werteinitiative.de\/#website"},"datePublished":"2018-03-11T18:49:21+00:00","dateModified":"2020-03-10T13:28:23+00:00","breadcrumb":{"@id":"https:\/\/werteinitiative.de\/en\/membership\/#breadcrumb"},"inLanguage":"en-US","potentialAction":[{"@type":"ReadAction","target":["https:\/\/werteinitiative.de\/en\/membership\/"]}]},{"@type":"BreadcrumbList","@id":"https:\/\/werteinitiative.de\/en\/membership\/#breadcrumb","itemListElement":[{"@type":"ListItem","position":1,"name":"Startseite","item":"https:\/\/werteinitiative.de\/en\/"},{"@type":"ListItem","position":2,"name":"Membership"}]},{"@type":"WebSite","@id":"https:\/\/werteinitiative.de\/#website","url":"https:\/\/werteinitiative.de\/","name":"WerteInitiative - j\u00fcdisch-deutsche Positionen","description":"j\u00fcdisch-deutsche Positionen","publisher":{"@id":"https:\/\/werteinitiative.de\/#organization"},"potentialAction":[{"@type":"SearchAction","target":{"@type":"EntryPoint","urlTemplate":"https:\/\/werteinitiative.de\/?s={search_term_string}"},"query-input":{"@type":"PropertyValueSpecification","valueRequired":true,"valueName":"search_term_string"}}],"inLanguage":"en-US"},{"@type":"Organization","@id":"https:\/\/werteinitiative.de\/#organization","name":"WerteInitiative - j\u00fcdisch-deutsche Positionen e.V.","url":"https:\/\/werteinitiative.de\/","logo":{"@type":"ImageObject","inLanguage":"en-US","@id":"https:\/\/werteinitiative.de\/#\/schema\/logo\/image\/","url":"https:\/\/werteinitiative.de\/wp-content\/uploads\/2018\/03\/werteinitiative-logo-1-2.png","contentUrl":"https:\/\/werteinitiative.de\/wp-content\/uploads\/2018\/03\/werteinitiative-logo-1-2.png","width":1600,"height":328,"caption":"WerteInitiative - j\u00fcdisch-deutsche Positionen e.V."},"image":{"@id":"https:\/\/werteinitiative.de\/#\/schema\/logo\/image\/"},"sameAs":["https:\/\/www.facebook.com\/WerteInitiative\/","https:\/\/x.com\/WerteInitiative","https:\/\/werteinitiative.de","https:\/\/www.youtube.com\/channel\/UCYxMy0tanl-EMKY_OdudKaQ"]}]}},"_links":{"self":[{"href":"https:\/\/werteinitiative.de\/en\/wp-json\/wp\/v2\/pages\/631","targetHints":{"allow":["GET"]}}],"collection":[{"href":"https:\/\/werteinitiative.de\/en\/wp-json\/wp\/v2\/pages"}],"about":[{"href":"https:\/\/werteinitiative.de\/en\/wp-json\/wp\/v2\/types\/page"}],"author":[{"embeddable":true,"href":"https:\/\/werteinitiative.de\/en\/wp-json\/wp\/v2\/users\/4"}],"replies":[{"embeddable":true,"href":"https:\/\/werteinitiative.de\/en\/wp-json\/wp\/v2\/comments?post=631"}],"version-history":[{"count":0,"href":"https:\/\/werteinitiative.de\/en\/wp-json\/wp\/v2\/pages\/631\/revisions"}],"wp:attachment":[{"href":"https:\/\/werteinitiative.de\/en\/wp-json\/wp\/v2\/media?parent=631"}],"curies":[{"name":"wp","href":"https:\/\/api.w.org\/{rel}","templated":true}]}}